{"id":84582,"date":"2022-07-04T07:39:33","date_gmt":"2022-07-04T05:39:33","guid":{"rendered":"https:\/\/www.asdaudit.com\/aviso-legal\/"},"modified":"2022-12-28T06:54:56","modified_gmt":"2022-12-28T05:54:56","slug":"aviso-legal","status":"publish","type":"page","link":"https:\/\/www.asdaudit.com\/pt-pt\/aviso-legal\/","title":{"rendered":"Aviso Legal"},"content":{"rendered":"\t\t<div data-elementor-type=\"wp-page\" data-elementor-id=\"84582\" class=\"elementor elementor-84582 elementor-163\">\n\t\t\t\t\t\t<section class=\"elementor-section elementor-top-section elementor-element elementor-element-86f04a9 elementor-section-height-min-height elementor-section-items-top elementor-section-boxed elementor-section-height-default\" data-id=\"86f04a9\" data-element_type=\"section\" data-settings=\"{&quot;background_background&quot;:&quot;classic&quot;}\">\n\t\t\t\t\t\t<div class=\"elementor-container elementor-column-gap-default\">\n\t\t\t\t\t<div class=\"elementor-column elementor-col-100 elementor-top-column elementor-element elementor-element-975e250\" data-id=\"975e250\" data-element_type=\"column\">\n\t\t\t<div class=\"elementor-widget-wrap elementor-element-populated\">\n\t\t\t\t\t\t<div class=\"elementor-element elementor-element-ed2bc01 elementor-widget elementor-widget-heading\" data-id=\"ed2bc01\" data-element_type=\"widget\" data-widget_type=\"heading.default\">\n\t\t\t\t<div class=\"elementor-widget-container\">\n\t\t\t<style>\/*! elementor - v3.23.0 - 15-07-2024 *\/\n.elementor-heading-title{padding:0;margin:0;line-height:1}.elementor-widget-heading .elementor-heading-title[class*=elementor-size-]>a{color:inherit;font-size:inherit;line-height:inherit}.elementor-widget-heading .elementor-heading-title.elementor-size-small{font-size:15px}.elementor-widget-heading .elementor-heading-title.elementor-size-medium{font-size:19px}.elementor-widget-heading .elementor-heading-title.elementor-size-large{font-size:29px}.elementor-widget-heading .elementor-heading-title.elementor-size-xl{font-size:39px}.elementor-widget-heading .elementor-heading-title.elementor-size-xxl{font-size:59px}<\/style><h4 class=\"elementor-heading-title elementor-size-default\">ASD audit<\/h4>\t\t<\/div>\n\t\t\t\t<\/div>\n\t\t\t\t<div class=\"elementor-element elementor-element-33a2b71 elementor-widget elementor-widget-heading\" data-id=\"33a2b71\" data-element_type=\"widget\" data-widget_type=\"heading.default\">\n\t\t\t\t<div class=\"elementor-widget-container\">\n\t\t\t<h1 class=\"elementor-heading-title elementor-size-default\">Aviso legal<\/h1>\t\t<\/div>\n\t\t\t\t<\/div>\n\t\t\t\t<div class=\"elementor-element elementor-element-eb91071 elementor-widget elementor-widget-text-editor\" data-id=\"eb91071\" data-element_type=\"widget\" data-widget_type=\"text-editor.default\">\n\t\t\t\t<div class=\"elementor-widget-container\">\n\t\t\t<style>\/*! elementor - v3.23.0 - 15-07-2024 *\/\n.elementor-widget-text-editor.elementor-drop-cap-view-stacked .elementor-drop-cap{background-color:#69727d;color:#fff}.elementor-widget-text-editor.elementor-drop-cap-view-framed .elementor-drop-cap{color:#69727d;border:3px solid;background-color:transparent}.elementor-widget-text-editor:not(.elementor-drop-cap-view-default) .elementor-drop-cap{margin-top:8px}.elementor-widget-text-editor:not(.elementor-drop-cap-view-default) .elementor-drop-cap-letter{width:1em;height:1em}.elementor-widget-text-editor .elementor-drop-cap{float:left;text-align:center;line-height:1;font-size:50px}.elementor-widget-text-editor .elementor-drop-cap-letter{display:inline-block}<\/style>\t\t\t\t<p>En cumplimiento de la Ley 34\/2002, de 11 de julio, de Servicios de la Sociedad de la Informaci\u00f3n y Comercio Electr\u00f3nico (LSSI CE), informamos a los usuarios de los datos de la empresa propietaria de esta web:<\/p>\n<\/p>\n<h4>RESPONSABLE<\/h4>\n<p><strong>Denominaci\u00f3n Social:<\/strong> Auditing Software Distributor S.L.<\/p>\n<p><strong>CIF \/ NIF:<\/strong> B66820200<\/p>\n<p><strong>Nombre Comercial:<\/strong> ASD Audit<\/p>\n<p><strong>Domicilio Social:<\/strong> Enten\u00e7a 332-334 Planta 8 \u2013 Oficina 6 \u2013 08029 \u2013 Barcelona \u2013 SPAIN<\/p>\n<p><strong>Responsable de Seguridad:<\/strong> Carles Balcells (carles@asdaudit.com)<\/p>\n<\/p>\n<h4>CONTACTO<\/h4>\n<p><strong>Tel\u00e9fono:<\/strong> (+34) 93 764 8707<\/p>\n<p><strong>eMail:<\/strong> info@asdaudit.com<\/p>\n<p><strong>Formulario de contacto online:<\/strong> https:\/\/www.asdaudit.com\/contacto\/<\/p>\n<\/p>\n<h4>REGISTROS:<\/h4>\n<p><strong>Inscrita en el Registro Mercantil de Barcelona:<\/strong> Tomo 45479, Folio 11, Hoja B 489193, Inscripci\u00f3n 1<\/p>\n<p><strong>Registro de Tratamientos conforme al RGPD:<\/strong> Clientes\/Proveedores, Listas de Correo, Empleados y Usuarios Web.<\/p>\n<p><strong>Nombre de dominio (sitio web):<\/strong> https:\/\/www.asdaudit.com\/<\/p>\n<\/p>\n<h4>OBJETO<\/h4>\n<p>\u201cAuditing Software Distributor S.L.\u201d (en adelante, \u201cASD Audit\u201d), responsable del sitio web, pone a disposici\u00f3n de los usuarios el presente documento con el que pretende dar cumplimiento a las obligaciones dispuestas en la Ley 34\/2002, de Servicios de la Sociedad de la Informaci\u00f3n y del Comercio Electr\u00f3nico (LSSI-CE), as\u00ed como informar a todos los usuarios del sitio web respecto a cu\u00e1les son las condiciones de uso del mismo.<\/p>\n<p>Toda persona que acceda a este sitio web asume el papel de usuario, comprometi\u00e9ndose a la observancia y cumplimiento riguroso de las disposiciones aqu\u00ed dispuestas, as\u00ed como a cualesquiera otra disposici\u00f3n legal que fuera de aplicaci\u00f3n.<\/p>\n<p>\u201cASD Audit\u201d se reserva el derecho a modificar cualquier tipo de informaci\u00f3n que pudiera aparecer en el sitio web, sin que exista obligaci\u00f3n de preavisar o poner en conocimiento de los usuarios dichas obligaciones, entendi\u00e9ndose como suficiente con la publicaci\u00f3n en el sitio web.<\/p>\n\t\t\t\t\t\t<\/div>\n\t\t\t\t<\/div>\n\t\t\t\t\t<\/div>\n\t\t<\/div>\n\t\t\t\t\t<\/div>\n\t\t<\/section>\n\t\t\t\t<\/div>\n\t\t","protected":false},"excerpt":{"rendered":"<p>ASD audit Aviso legal En cumplimiento de la Ley 34\/2002, de 11 de julio, de Servicios de la Sociedad de la Informaci\u00f3n y Comercio Electr\u00f3nico (LSSI CE), informamos a los usuarios de los datos de la empresa propietaria de esta web: RESPONSABLE Denominaci\u00f3n Social: Auditing Software Distributor S.L. CIF \/ NIF: B66820200 Nombre Comercial: ASD [&hellip;]<\/p>\n","protected":false},"author":6,"featured_media":0,"parent":0,"menu_order":0,"comment_status":"closed","ping_status":"closed","template":"","meta":{"footnotes":""},"categories":[],"tags":[],"yoast_head":"<!-- This site is optimized with the Yoast SEO plugin v23.0 - https:\/\/yoast.com\/wordpress\/plugins\/seo\/ -->\n<title>Aviso legal | ASD Audit<\/title>\n<meta name=\"description\" content=\"Aviso legal de ASD Audit\" \/>\n<meta name=\"robots\" content=\"noindex, nofollow\" \/>\n<meta property=\"og:locale\" content=\"pt_PT\" \/>\n<meta property=\"og:type\" content=\"article\" \/>\n<meta property=\"og:title\" content=\"Aviso legal | ASD Audit\" \/>\n<meta property=\"og:description\" content=\"Aviso legal de ASD Audit\" \/>\n<meta property=\"og:url\" content=\"https:\/\/www.asdaudit.com\/pt-pt\/aviso-legal\/\" \/>\n<meta property=\"og:site_name\" content=\"ASD | Smart Audit Solutions\" \/>\n<meta property=\"article:modified_time\" content=\"2022-12-28T05:54:56+00:00\" \/>\n<meta name=\"twitter:card\" content=\"summary_large_image\" \/>\n<script type=\"application\/ld+json\" class=\"yoast-schema-graph\">{\"@context\":\"https:\/\/schema.org\",\"@graph\":[{\"@type\":\"WebPage\",\"@id\":\"https:\/\/www.asdaudit.com\/pt-pt\/aviso-legal\/\",\"url\":\"https:\/\/www.asdaudit.com\/pt-pt\/aviso-legal\/\",\"name\":\"Aviso legal | ASD Audit\",\"isPartOf\":{\"@id\":\"https:\/\/www.asdaudit.com\/#website\"},\"datePublished\":\"2022-07-04T05:39:33+00:00\",\"dateModified\":\"2022-12-28T05:54:56+00:00\",\"description\":\"Aviso legal de ASD Audit\",\"breadcrumb\":{\"@id\":\"https:\/\/www.asdaudit.com\/pt-pt\/aviso-legal\/#breadcrumb\"},\"inLanguage\":\"pt-PT\",\"potentialAction\":[{\"@type\":\"ReadAction\",\"target\":[\"https:\/\/www.asdaudit.com\/pt-pt\/aviso-legal\/\"]}]},{\"@type\":\"BreadcrumbList\",\"@id\":\"https:\/\/www.asdaudit.com\/pt-pt\/aviso-legal\/#breadcrumb\",\"itemListElement\":[{\"@type\":\"ListItem\",\"position\":1,\"name\":\"Portada\",\"item\":\"https:\/\/www.asdaudit.com\/\"},{\"@type\":\"ListItem\",\"position\":2,\"name\":\"Aviso Legal\"}]},{\"@type\":\"WebSite\",\"@id\":\"https:\/\/www.asdaudit.com\/#website\",\"url\":\"https:\/\/www.asdaudit.com\/\",\"name\":\"ASD | Smart Audit Solutions\",\"description\":\"Software de auditor\u00eda financiera\",\"publisher\":{\"@id\":\"https:\/\/www.asdaudit.com\/#organization\"},\"potentialAction\":[{\"@type\":\"SearchAction\",\"target\":{\"@type\":\"EntryPoint\",\"urlTemplate\":\"https:\/\/www.asdaudit.com\/?s={search_term_string}\"},\"query-input\":\"required name=search_term_string\"}],\"inLanguage\":\"pt-PT\"},{\"@type\":\"Organization\",\"@id\":\"https:\/\/www.asdaudit.com\/#organization\",\"name\":\"ASD | Smart Audit Solutions\",\"url\":\"https:\/\/www.asdaudit.com\/\",\"logo\":{\"@type\":\"ImageObject\",\"inLanguage\":\"pt-PT\",\"@id\":\"https:\/\/www.asdaudit.com\/#\/schema\/logo\/image\/\",\"url\":\"https:\/\/www.asdaudit.com\/wp-content\/uploads\/2022\/07\/Logos-ASD.svg\",\"contentUrl\":\"https:\/\/www.asdaudit.com\/wp-content\/uploads\/2022\/07\/Logos-ASD.svg\",\"width\":211.85,\"height\":110.42,\"caption\":\"ASD | Smart Audit Solutions\"},\"image\":{\"@id\":\"https:\/\/www.asdaudit.com\/#\/schema\/logo\/image\/\"},\"sameAs\":[\"https:\/\/www.linkedin.com\/company\/auditing-software-distributor-sl\/\"]}]}<\/script>\n<!-- \/ Yoast SEO plugin. -->","yoast_head_json":{"title":"Aviso legal | ASD Audit","description":"Aviso legal de ASD Audit","robots":{"index":"noindex","follow":"nofollow"},"og_locale":"pt_PT","og_type":"article","og_title":"Aviso legal | ASD Audit","og_description":"Aviso legal de ASD Audit","og_url":"https:\/\/www.asdaudit.com\/pt-pt\/aviso-legal\/","og_site_name":"ASD | Smart Audit Solutions","article_modified_time":"2022-12-28T05:54:56+00:00","twitter_card":"summary_large_image","schema":{"@context":"https:\/\/schema.org","@graph":[{"@type":"WebPage","@id":"https:\/\/www.asdaudit.com\/pt-pt\/aviso-legal\/","url":"https:\/\/www.asdaudit.com\/pt-pt\/aviso-legal\/","name":"Aviso legal | ASD Audit","isPartOf":{"@id":"https:\/\/www.asdaudit.com\/#website"},"datePublished":"2022-07-04T05:39:33+00:00","dateModified":"2022-12-28T05:54:56+00:00","description":"Aviso legal de ASD Audit","breadcrumb":{"@id":"https:\/\/www.asdaudit.com\/pt-pt\/aviso-legal\/#breadcrumb"},"inLanguage":"pt-PT","potentialAction":[{"@type":"ReadAction","target":["https:\/\/www.asdaudit.com\/pt-pt\/aviso-legal\/"]}]},{"@type":"BreadcrumbList","@id":"https:\/\/www.asdaudit.com\/pt-pt\/aviso-legal\/#breadcrumb","itemListElement":[{"@type":"ListItem","position":1,"name":"Portada","item":"https:\/\/www.asdaudit.com\/"},{"@type":"ListItem","position":2,"name":"Aviso Legal"}]},{"@type":"WebSite","@id":"https:\/\/www.asdaudit.com\/#website","url":"https:\/\/www.asdaudit.com\/","name":"ASD | Smart Audit Solutions","description":"Software de auditor\u00eda financiera","publisher":{"@id":"https:\/\/www.asdaudit.com\/#organization"},"potentialAction":[{"@type":"SearchAction","target":{"@type":"EntryPoint","urlTemplate":"https:\/\/www.asdaudit.com\/?s={search_term_string}"},"query-input":"required name=search_term_string"}],"inLanguage":"pt-PT"},{"@type":"Organization","@id":"https:\/\/www.asdaudit.com\/#organization","name":"ASD | Smart Audit Solutions","url":"https:\/\/www.asdaudit.com\/","logo":{"@type":"ImageObject","inLanguage":"pt-PT","@id":"https:\/\/www.asdaudit.com\/#\/schema\/logo\/image\/","url":"https:\/\/www.asdaudit.com\/wp-content\/uploads\/2022\/07\/Logos-ASD.svg","contentUrl":"https:\/\/www.asdaudit.com\/wp-content\/uploads\/2022\/07\/Logos-ASD.svg","width":211.85,"height":110.42,"caption":"ASD | Smart Audit Solutions"},"image":{"@id":"https:\/\/www.asdaudit.com\/#\/schema\/logo\/image\/"},"sameAs":["https:\/\/www.linkedin.com\/company\/auditing-software-distributor-sl\/"]}]}},"_links":{"self":[{"href":"https:\/\/www.asdaudit.com\/pt-pt\/wp-json\/wp\/v2\/pages\/84582"}],"collection":[{"href":"https:\/\/www.asdaudit.com\/pt-pt\/wp-json\/wp\/v2\/pages"}],"about":[{"href":"https:\/\/www.asdaudit.com\/pt-pt\/wp-json\/wp\/v2\/types\/page"}],"author":[{"embeddable":true,"href":"https:\/\/www.asdaudit.com\/pt-pt\/wp-json\/wp\/v2\/users\/6"}],"replies":[{"embeddable":true,"href":"https:\/\/www.asdaudit.com\/pt-pt\/wp-json\/wp\/v2\/comments?post=84582"}],"version-history":[{"count":1,"href":"https:\/\/www.asdaudit.com\/pt-pt\/wp-json\/wp\/v2\/pages\/84582\/revisions"}],"predecessor-version":[{"id":84583,"href":"https:\/\/www.asdaudit.com\/pt-pt\/wp-json\/wp\/v2\/pages\/84582\/revisions\/84583"}],"wp:attachment":[{"href":"https:\/\/www.asdaudit.com\/pt-pt\/wp-json\/wp\/v2\/media?parent=84582"}],"wp:term":[{"taxonomy":"category","embeddable":true,"href":"https:\/\/www.asdaudit.com\/pt-pt\/wp-json\/wp\/v2\/categories?post=84582"},{"taxonomy":"post_tag","embeddable":true,"href":"https:\/\/www.asdaudit.com\/pt-pt\/wp-json\/wp\/v2\/tags?post=84582"}],"curies":[{"name":"wp","href":"https:\/\/api.w.org\/{rel}","templated":true}]}}