{"id":83665,"date":"2022-07-04T07:39:44","date_gmt":"2022-07-04T07:39:44","guid":{"rendered":"https:\/\/www.asdaudit.com\/politica-de-privacidad\/"},"modified":"2022-09-30T08:29:13","modified_gmt":"2022-09-30T08:29:13","slug":"protecao-de-dados","status":"publish","type":"page","link":"https:\/\/www.asdaudit.com\/pt-pt\/protecao-de-dados\/","title":{"rendered":"Prote\u00e7\u00e3o de Dados"},"content":{"rendered":"\t\t<div data-elementor-type=\"wp-page\" data-elementor-id=\"83665\" class=\"elementor elementor-83665 elementor-165\">\n\t\t\t\t\t\t<section class=\"elementor-section elementor-top-section elementor-element elementor-element-5134ea1 elementor-section-height-min-height elementor-section-items-top elementor-section-boxed elementor-section-height-default\" data-id=\"5134ea1\" data-element_type=\"section\" data-settings=\"{&quot;background_background&quot;:&quot;classic&quot;}\">\n\t\t\t\t\t\t<div class=\"elementor-container elementor-column-gap-default\">\n\t\t\t\t\t<div class=\"elementor-column elementor-col-100 elementor-top-column elementor-element elementor-element-c4769f7\" data-id=\"c4769f7\" data-element_type=\"column\">\n\t\t\t<div class=\"elementor-widget-wrap elementor-element-populated\">\n\t\t\t\t\t\t<div class=\"elementor-element elementor-element-7eaa87d elementor-widget elementor-widget-heading\" data-id=\"7eaa87d\" data-element_type=\"widget\" data-widget_type=\"heading.default\">\n\t\t\t\t<div class=\"elementor-widget-container\">\n\t\t\t<style>\/*! elementor - v3.23.0 - 15-07-2024 *\/\n.elementor-heading-title{padding:0;margin:0;line-height:1}.elementor-widget-heading .elementor-heading-title[class*=elementor-size-]>a{color:inherit;font-size:inherit;line-height:inherit}.elementor-widget-heading .elementor-heading-title.elementor-size-small{font-size:15px}.elementor-widget-heading .elementor-heading-title.elementor-size-medium{font-size:19px}.elementor-widget-heading .elementor-heading-title.elementor-size-large{font-size:29px}.elementor-widget-heading .elementor-heading-title.elementor-size-xl{font-size:39px}.elementor-widget-heading .elementor-heading-title.elementor-size-xxl{font-size:59px}<\/style><h4 class=\"elementor-heading-title elementor-size-default\">ASD audit<\/h4>\t\t<\/div>\n\t\t\t\t<\/div>\n\t\t\t\t<div class=\"elementor-element elementor-element-5107add elementor-widget elementor-widget-heading\" data-id=\"5107add\" data-element_type=\"widget\" data-widget_type=\"heading.default\">\n\t\t\t\t<div class=\"elementor-widget-container\">\n\t\t\t<h1 class=\"elementor-heading-title elementor-size-default\">Informa\u00e7\u00e3o sobre Prote\u00e7\u00e3o de Dados<\/h1>\t\t<\/div>\n\t\t\t\t<\/div>\n\t\t\t\t<div class=\"elementor-element elementor-element-084e574 elementor-widget elementor-widget-button\" data-id=\"084e574\" data-element_type=\"widget\" data-widget_type=\"button.default\">\n\t\t\t\t<div class=\"elementor-widget-container\">\n\t\t\t\t\t<div class=\"elementor-button-wrapper\">\n\t\t\t<a class=\"elementor-button elementor-button-link elementor-size-sm\" href=\"\/wp-content\/uploads\/2022\/09\/PR00-AN01-Politica-de-Seguridad-de-la-Informacion-ASD.pdf\" target=\"_blank\">\n\t\t\t\t\t\t<span class=\"elementor-button-content-wrapper\">\n\t\t\t\t\t\t<span class=\"elementor-button-icon\">\n\t\t\t\t<i aria-hidden=\"true\" class=\"far fa-arrow-alt-circle-down\"><\/i>\t\t\t<\/span>\n\t\t\t\t\t\t\t\t\t<span class=\"elementor-button-text\">POL\u00cdTICA DE SEGURIDAD DE LA INFORMACI\u00d3N<\/span>\n\t\t\t\t\t<\/span>\n\t\t\t\t\t<\/a>\n\t\t<\/div>\n\t\t\t\t<\/div>\n\t\t\t\t<\/div>\n\t\t\t\t<div class=\"elementor-element elementor-element-502628f elementor-widget elementor-widget-text-editor\" data-id=\"502628f\" data-element_type=\"widget\" data-widget_type=\"text-editor.default\">\n\t\t\t\t<div class=\"elementor-widget-container\">\n\t\t\t<style>\/*! elementor - v3.23.0 - 15-07-2024 *\/\n.elementor-widget-text-editor.elementor-drop-cap-view-stacked .elementor-drop-cap{background-color:#69727d;color:#fff}.elementor-widget-text-editor.elementor-drop-cap-view-framed .elementor-drop-cap{color:#69727d;border:3px solid;background-color:transparent}.elementor-widget-text-editor:not(.elementor-drop-cap-view-default) .elementor-drop-cap{margin-top:8px}.elementor-widget-text-editor:not(.elementor-drop-cap-view-default) .elementor-drop-cap-letter{width:1em;height:1em}.elementor-widget-text-editor .elementor-drop-cap{float:left;text-align:center;line-height:1;font-size:50px}.elementor-widget-text-editor .elementor-drop-cap-letter{display:inline-block}<\/style>\t\t\t\t<h4>1. Dados relativos ao Respons\u00e1vel<\/h4><p><strong>Respons\u00e1vel Tratamento<\/strong><br \/><strong>Empresa:<\/strong> AUDITING SOFTWARE DISTRIBUTOR SL \u2013 B66820200<br \/><strong>Morada:<\/strong> CARRER TUSET, 23, ATIC 8\u00ba \u2013 (08006) BARCELONA<br \/><strong>Contato:<\/strong> administracion@asdaudit.com \u2013 (+34) 93 764 87 07<\/p><p>\u00a0<\/p><h4>2. Finalidades<\/h4><p>Em cumprimento do disposto no Regulamento Europeu 2016\/679 Geral de Prote\u00e7\u00e3o de Dados, informamos que, dependendo da rela\u00e7\u00e3o que tenha connosco, em AUDITING SOFTWARE DISTRIBUTOR SL tratamos os dados que nos facultou para algumas, ou todas, as seguintes finalidades:<\/p><ul><li>Compra\/venda de material<\/li><li>Coordena\u00e7\u00e3o de atividades empresariais<\/li><li>Cria\u00e7\u00e3o de contratos, processamento de sal\u00e1rios e outras tarefas relacionadas<\/li><li>Envio de informa\u00e7\u00e3o comercial da entidade mediante correio postal, correio eletr\u00f3nico ou outros<\/li><li>Forma\u00e7\u00e3o<\/li><li>Gest\u00e3o contabil\u00edstica, administrativa, factura\u00e7\u00e3o e gest\u00e3o de cobran\u00e7as.<\/li><li>Manuten\u00e7\u00e3o da rela\u00e7\u00e3o laboral e contra-presta\u00e7\u00e3o pelos trabalhos realizados<\/li><li>Prestar-lhe um servi\u00e7o<\/li><li>Realizar um processo de sele\u00e7\u00e3o de pessoal em fun\u00e7\u00e3o das capacidades, aptid\u00f5es e outros dados de interesse inclu\u00eddos no curr\u00edculum<\/li><li>Rece\u00e7\u00e3o da presta\u00e7\u00e3o de um servi\u00e7o<\/li><li>Servi\u00e7o p\u00f3s-venda e fideliza\u00e7\u00e3o<\/li><li>Tratamento de altas e baixas por doen\u00e7a ou acidente laboral<\/li><li>Tratamento de or\u00e7amentos<\/li><li>Utiliza\u00e7\u00e3o de dados derivados das actividades da empresa<\/li><\/ul><p>\u00a0<\/p><h4>3. Prazo de conserva\u00e7\u00e3o dos dados<\/h4><p>Os dados ser\u00e3o conservados enquanto dure a rela\u00e7\u00e3o contratual, comercial ou de outro tipo com a nossa entidade, at\u00e9 que solicite a sua elimina\u00e7\u00e3o, ou pelo tempo necess\u00e1rio para cumprir com as obriga\u00e7\u00f5es legais.<\/p><p>\u00a0<\/p><h4>4. Legitimidade<\/h4><p>A base legal para o tratamento dos seus dados assente em:<\/p><ul><li>Consentimento inequ\u00edvoco<\/li><li>Execu\u00e7\u00e3o de um contrato<\/li><\/ul><h4><br \/>5. Destinat\u00e1rios<\/h4><p>Os seus dados pessoais ser\u00e3o comunicados a terceiros nos seguintes pressupostos:<\/p><ul><li>A outros respons\u00e1veis de tratamento<\/li><li>Administra\u00e7\u00e3o tributaria<\/li><li>Bancos e entidades financeiras<\/li><li>Entidades de Consultoria\/Auditoria<\/li><li>Gest\u00e3o\/Assessoria<\/li><li>Seguran\u00e7a social<\/li><li>Servi\u00e7o de Preven\u00e7\u00e3o de Riscos Laborais<\/li><\/ul><h4><br \/>6. Direitos<\/h4><p>Tem direito a obter confirma\u00e7\u00e3o sobre se em AUDITING SOFTWARE DISTRIBUTOR SL estamos a tratar dados pessoais que lhe digam respeito, ou n\u00e3o.<\/p><p>Do mesmo modo, tem direito de acesso aos seus dados pessoais, assim como a solicitar a retifica\u00e7\u00e3o dos dados incorretos ou, se for o caso, solicitar sua elimina\u00e7\u00e3o quando, entre outros motivos, os dados j\u00e1 n\u00e3o sejam necess\u00e1rios para os fins que foram recolhidos.<\/p><p>Em determinadas circunst\u00e2ncias, poder\u00e1 solicitar a limita\u00e7\u00e3o do tratamento dos seus dados, em cujo caso unicamente conservamos para o exerc\u00edcio ou tratamento de reclama\u00e7\u00f5es.<\/p><p>Adicionalmente, em determinadas circunst\u00e2ncias e por motivos relacionados com a sua situa\u00e7\u00e3o particular, poder\u00e1 exercer o direito de oposi\u00e7\u00e3o ao tratamento dos seus dados. AUDITING SOFTWARE DISTRIBUTOR SL deixar\u00e1 de tratar os dados, salvo por motivos leg\u00edtimos imperiosos, ou o exerc\u00edcio ou tratamento de poss\u00edveis reclama\u00e7\u00f5es.<\/p><p>Do mesmo modo, pode exercer o direito \u00e0 portabilidade dos dados, assim como retirar o consentimento dado a qualquer momento, sem que isto afecte a licitude do tratamento baseado no consentimento anterior \u00e0 sua retirada.<\/p><ul><li>Para exercer qualquer dos seus direitos pode faz\u00ea-lo atrav\u00e9s dos links que se indica abaixo:<\/li><li>Para exercer o seu direito de Acesso fa\u00e7a clique aqui<\/li><li>Para exercer o seu direito de Rectifica\u00e7\u00e3o fa\u00e7a clique aqui<\/li><li>Para exercer o seu direito de Elimina\u00e7\u00e3o (Esquecido) fa\u00e7a clique aqui<\/li><li>Para exercer o seu direito de Limita\u00e7\u00e3o do Tratamento fa\u00e7a clique aqui<\/li><li>Para exercer o seu direito de Oposi\u00e7\u00e3o fa\u00e7a clique aqui<\/li><li>Para exercer o seu direito Portabilidade fa\u00e7a clique aqui<\/li><\/ul><p>\u00a0<\/p><p>Em alternativa, tamb\u00e9m pode entrar em contacto connosco mediante correio postal para a seguinte morada: CARRER TUSET, 23, ATIC 8\u00ba \u2013 (08006) BARCELONA anexando uma fotoc\u00f3pia do BI, para certificarmo-nos da sua identidade. Dever\u00e1 facultar a maior informa\u00e7\u00e3o poss\u00edvel sobre o seu pedido: Nome completo, endere\u00e7o de correio eletr\u00f3nico que utiliza para a conta ou portal objeto do seu pedido.<\/p><p>Por \u00faltimo, informamos que pode dirigir-se \u00e0 Ag\u00eancia Espanhola de Prote\u00e7\u00e3o de Dados e outros organismos p\u00fablicos competentes para qualquer reclama\u00e7\u00e3o que derive do tratamento dos seus dados pessoais.<\/p><p>\u00a0<\/p><h4>7. Pol\u00edtica de cookies<\/h4><p>Para conhecer os cookies que utilizamos na nossa p\u00e1gina, pode aceder \u00e0 nossa Pol\u00edtica de Cookies atrav\u00e9s do seguinte link pol\u00edtica de cookies.<\/p>\t\t\t\t\t\t<\/div>\n\t\t\t\t<\/div>\n\t\t\t\t\t<\/div>\n\t\t<\/div>\n\t\t\t\t\t<\/div>\n\t\t<\/section>\n\t\t\t\t<\/div>\n\t\t","protected":false},"excerpt":{"rendered":"<p>ASD audit Informa\u00e7\u00e3o sobre Prote\u00e7\u00e3o de Dados POL\u00cdTICA DE SEGURIDAD DE LA INFORMACI\u00d3N 1. Dados relativos ao Respons\u00e1vel Respons\u00e1vel TratamentoEmpresa: AUDITING SOFTWARE DISTRIBUTOR SL \u2013 B66820200Morada: CARRER TUSET, 23, ATIC 8\u00ba \u2013 (08006) BARCELONAContato: administracion@asdaudit.com \u2013 (+34) 93 764 87 07 \u00a0 2. Finalidades Em cumprimento do disposto no Regulamento Europeu 2016\/679 Geral de Prote\u00e7\u00e3o [&hellip;]<\/p>\n","protected":false},"author":6,"featured_media":0,"parent":0,"menu_order":0,"comment_status":"closed","ping_status":"closed","template":"","meta":{"footnotes":""},"categories":[],"tags":[],"yoast_head":"<!-- This site is optimized with the Yoast SEO plugin v23.0 - https:\/\/yoast.com\/wordpress\/plugins\/seo\/ -->\n<title>Pol\u00edtica de privacidad | ASD Audit<\/title>\n<meta name=\"description\" content=\"Pol\u00edtica de privacidad de ASD Audit\" \/>\n<meta name=\"robots\" content=\"index, follow, max-snippet:-1, max-image-preview:large, max-video-preview:-1\" \/>\n<link rel=\"canonical\" href=\"https:\/\/www.asdaudit.com\/pt-pt\/protecao-de-dados\/\" \/>\n<meta property=\"og:locale\" content=\"pt_PT\" \/>\n<meta property=\"og:type\" content=\"article\" \/>\n<meta property=\"og:title\" content=\"Pol\u00edtica de privacidad | ASD Audit\" \/>\n<meta property=\"og:description\" content=\"Pol\u00edtica de privacidad de ASD Audit\" \/>\n<meta property=\"og:url\" content=\"https:\/\/www.asdaudit.com\/pt-pt\/protecao-de-dados\/\" \/>\n<meta property=\"og:site_name\" content=\"ASD | Smart Audit Solutions\" \/>\n<meta property=\"article:modified_time\" content=\"2022-09-30T08:29:13+00:00\" \/>\n<meta name=\"twitter:card\" content=\"summary_large_image\" \/>\n<script type=\"application\/ld+json\" class=\"yoast-schema-graph\">{\"@context\":\"https:\/\/schema.org\",\"@graph\":[{\"@type\":\"WebPage\",\"@id\":\"https:\/\/www.asdaudit.com\/pt-pt\/protecao-de-dados\/\",\"url\":\"https:\/\/www.asdaudit.com\/pt-pt\/protecao-de-dados\/\",\"name\":\"Pol\u00edtica de privacidad | ASD Audit\",\"isPartOf\":{\"@id\":\"https:\/\/www.asdaudit.com\/#website\"},\"datePublished\":\"2022-07-04T07:39:44+00:00\",\"dateModified\":\"2022-09-30T08:29:13+00:00\",\"description\":\"Pol\u00edtica de privacidad de ASD Audit\",\"breadcrumb\":{\"@id\":\"https:\/\/www.asdaudit.com\/pt-pt\/protecao-de-dados\/#breadcrumb\"},\"inLanguage\":\"pt-PT\",\"potentialAction\":[{\"@type\":\"ReadAction\",\"target\":[\"https:\/\/www.asdaudit.com\/pt-pt\/protecao-de-dados\/\"]}]},{\"@type\":\"BreadcrumbList\",\"@id\":\"https:\/\/www.asdaudit.com\/pt-pt\/protecao-de-dados\/#breadcrumb\",\"itemListElement\":[{\"@type\":\"ListItem\",\"position\":1,\"name\":\"Portada\",\"item\":\"https:\/\/www.asdaudit.com\/\"},{\"@type\":\"ListItem\",\"position\":2,\"name\":\"Prote\u00e7\u00e3o de Dados\"}]},{\"@type\":\"WebSite\",\"@id\":\"https:\/\/www.asdaudit.com\/#website\",\"url\":\"https:\/\/www.asdaudit.com\/\",\"name\":\"ASD | Smart Audit Solutions\",\"description\":\"Software de auditor\u00eda financiera\",\"publisher\":{\"@id\":\"https:\/\/www.asdaudit.com\/#organization\"},\"potentialAction\":[{\"@type\":\"SearchAction\",\"target\":{\"@type\":\"EntryPoint\",\"urlTemplate\":\"https:\/\/www.asdaudit.com\/?s={search_term_string}\"},\"query-input\":\"required name=search_term_string\"}],\"inLanguage\":\"pt-PT\"},{\"@type\":\"Organization\",\"@id\":\"https:\/\/www.asdaudit.com\/#organization\",\"name\":\"ASD | Smart Audit Solutions\",\"url\":\"https:\/\/www.asdaudit.com\/\",\"logo\":{\"@type\":\"ImageObject\",\"inLanguage\":\"pt-PT\",\"@id\":\"https:\/\/www.asdaudit.com\/#\/schema\/logo\/image\/\",\"url\":\"https:\/\/www.asdaudit.com\/wp-content\/uploads\/2022\/07\/Logos-ASD.svg\",\"contentUrl\":\"https:\/\/www.asdaudit.com\/wp-content\/uploads\/2022\/07\/Logos-ASD.svg\",\"width\":211.85,\"height\":110.42,\"caption\":\"ASD | Smart Audit Solutions\"},\"image\":{\"@id\":\"https:\/\/www.asdaudit.com\/#\/schema\/logo\/image\/\"},\"sameAs\":[\"https:\/\/www.linkedin.com\/company\/auditing-software-distributor-sl\/\"]}]}<\/script>\n<!-- \/ Yoast SEO plugin. -->","yoast_head_json":{"title":"Pol\u00edtica de privacidad | ASD Audit","description":"Pol\u00edtica de privacidad de ASD Audit","robots":{"index":"index","follow":"follow","max-snippet":"max-snippet:-1","max-image-preview":"max-image-preview:large","max-video-preview":"max-video-preview:-1"},"canonical":"https:\/\/www.asdaudit.com\/pt-pt\/protecao-de-dados\/","og_locale":"pt_PT","og_type":"article","og_title":"Pol\u00edtica de privacidad | ASD Audit","og_description":"Pol\u00edtica de privacidad de ASD Audit","og_url":"https:\/\/www.asdaudit.com\/pt-pt\/protecao-de-dados\/","og_site_name":"ASD | Smart Audit Solutions","article_modified_time":"2022-09-30T08:29:13+00:00","twitter_card":"summary_large_image","schema":{"@context":"https:\/\/schema.org","@graph":[{"@type":"WebPage","@id":"https:\/\/www.asdaudit.com\/pt-pt\/protecao-de-dados\/","url":"https:\/\/www.asdaudit.com\/pt-pt\/protecao-de-dados\/","name":"Pol\u00edtica de privacidad | ASD Audit","isPartOf":{"@id":"https:\/\/www.asdaudit.com\/#website"},"datePublished":"2022-07-04T07:39:44+00:00","dateModified":"2022-09-30T08:29:13+00:00","description":"Pol\u00edtica de privacidad de ASD Audit","breadcrumb":{"@id":"https:\/\/www.asdaudit.com\/pt-pt\/protecao-de-dados\/#breadcrumb"},"inLanguage":"pt-PT","potentialAction":[{"@type":"ReadAction","target":["https:\/\/www.asdaudit.com\/pt-pt\/protecao-de-dados\/"]}]},{"@type":"BreadcrumbList","@id":"https:\/\/www.asdaudit.com\/pt-pt\/protecao-de-dados\/#breadcrumb","itemListElement":[{"@type":"ListItem","position":1,"name":"Portada","item":"https:\/\/www.asdaudit.com\/"},{"@type":"ListItem","position":2,"name":"Prote\u00e7\u00e3o de Dados"}]},{"@type":"WebSite","@id":"https:\/\/www.asdaudit.com\/#website","url":"https:\/\/www.asdaudit.com\/","name":"ASD | Smart Audit Solutions","description":"Software de auditor\u00eda financiera","publisher":{"@id":"https:\/\/www.asdaudit.com\/#organization"},"potentialAction":[{"@type":"SearchAction","target":{"@type":"EntryPoint","urlTemplate":"https:\/\/www.asdaudit.com\/?s={search_term_string}"},"query-input":"required name=search_term_string"}],"inLanguage":"pt-PT"},{"@type":"Organization","@id":"https:\/\/www.asdaudit.com\/#organization","name":"ASD | Smart Audit Solutions","url":"https:\/\/www.asdaudit.com\/","logo":{"@type":"ImageObject","inLanguage":"pt-PT","@id":"https:\/\/www.asdaudit.com\/#\/schema\/logo\/image\/","url":"https:\/\/www.asdaudit.com\/wp-content\/uploads\/2022\/07\/Logos-ASD.svg","contentUrl":"https:\/\/www.asdaudit.com\/wp-content\/uploads\/2022\/07\/Logos-ASD.svg","width":211.85,"height":110.42,"caption":"ASD | Smart Audit Solutions"},"image":{"@id":"https:\/\/www.asdaudit.com\/#\/schema\/logo\/image\/"},"sameAs":["https:\/\/www.linkedin.com\/company\/auditing-software-distributor-sl\/"]}]}},"_links":{"self":[{"href":"https:\/\/www.asdaudit.com\/pt-pt\/wp-json\/wp\/v2\/pages\/83665"}],"collection":[{"href":"https:\/\/www.asdaudit.com\/pt-pt\/wp-json\/wp\/v2\/pages"}],"about":[{"href":"https:\/\/www.asdaudit.com\/pt-pt\/wp-json\/wp\/v2\/types\/page"}],"author":[{"embeddable":true,"href":"https:\/\/www.asdaudit.com\/pt-pt\/wp-json\/wp\/v2\/users\/6"}],"replies":[{"embeddable":true,"href":"https:\/\/www.asdaudit.com\/pt-pt\/wp-json\/wp\/v2\/comments?post=83665"}],"version-history":[{"count":4,"href":"https:\/\/www.asdaudit.com\/pt-pt\/wp-json\/wp\/v2\/pages\/83665\/revisions"}],"predecessor-version":[{"id":83669,"href":"https:\/\/www.asdaudit.com\/pt-pt\/wp-json\/wp\/v2\/pages\/83665\/revisions\/83669"}],"wp:attachment":[{"href":"https:\/\/www.asdaudit.com\/pt-pt\/wp-json\/wp\/v2\/media?parent=83665"}],"wp:term":[{"taxonomy":"category","embeddable":true,"href":"https:\/\/www.asdaudit.com\/pt-pt\/wp-json\/wp\/v2\/categories?post=83665"},{"taxonomy":"post_tag","embeddable":true,"href":"https:\/\/www.asdaudit.com\/pt-pt\/wp-json\/wp\/v2\/tags?post=83665"}],"curies":[{"name":"wp","href":"https:\/\/api.w.org\/{rel}","templated":true}]}}