{"id":84586,"date":"2022-07-04T07:39:57","date_gmt":"2022-07-04T05:39:57","guid":{"rendered":"https:\/\/www.asdaudit.com\/politica-de-cookies-2\/"},"modified":"2022-12-28T06:56:15","modified_gmt":"2022-12-28T05:56:15","slug":"politica-de-cookies-2","status":"publish","type":"page","link":"https:\/\/www.asdaudit.com\/pt-br\/politica-de-cookies-2\/","title":{"rendered":"Pol\u00edtica de Cookies"},"content":{"rendered":"\t\t<div data-elementor-type=\"wp-page\" data-elementor-id=\"84586\" class=\"elementor elementor-84586 elementor-167\">\n\t\t\t\t\t\t<section class=\"elementor-section elementor-top-section elementor-element elementor-element-90eaef7 elementor-section-height-min-height elementor-section-items-top elementor-section-boxed elementor-section-height-default\" data-id=\"90eaef7\" data-element_type=\"section\" data-settings=\"{&quot;background_background&quot;:&quot;classic&quot;}\">\n\t\t\t\t\t\t<div class=\"elementor-container elementor-column-gap-default\">\n\t\t\t\t\t<div class=\"elementor-column elementor-col-100 elementor-top-column elementor-element elementor-element-a9a5cbb\" data-id=\"a9a5cbb\" data-element_type=\"column\">\n\t\t\t<div class=\"elementor-widget-wrap elementor-element-populated\">\n\t\t\t\t\t\t<div class=\"elementor-element elementor-element-9c52e94 elementor-widget elementor-widget-heading\" data-id=\"9c52e94\" data-element_type=\"widget\" data-widget_type=\"heading.default\">\n\t\t\t\t<div class=\"elementor-widget-container\">\n\t\t\t<style>\/*! elementor - v3.23.0 - 15-07-2024 *\/\n.elementor-heading-title{padding:0;margin:0;line-height:1}.elementor-widget-heading .elementor-heading-title[class*=elementor-size-]>a{color:inherit;font-size:inherit;line-height:inherit}.elementor-widget-heading .elementor-heading-title.elementor-size-small{font-size:15px}.elementor-widget-heading .elementor-heading-title.elementor-size-medium{font-size:19px}.elementor-widget-heading .elementor-heading-title.elementor-size-large{font-size:29px}.elementor-widget-heading .elementor-heading-title.elementor-size-xl{font-size:39px}.elementor-widget-heading .elementor-heading-title.elementor-size-xxl{font-size:59px}<\/style><h4 class=\"elementor-heading-title elementor-size-default\">ASD audit<\/h4>\t\t<\/div>\n\t\t\t\t<\/div>\n\t\t\t\t<div class=\"elementor-element elementor-element-12c5104 elementor-widget elementor-widget-heading\" data-id=\"12c5104\" data-element_type=\"widget\" data-widget_type=\"heading.default\">\n\t\t\t\t<div class=\"elementor-widget-container\">\n\t\t\t<h1 class=\"elementor-heading-title elementor-size-default\">Pol\u00edtica de Cookies<\/h1>\t\t<\/div>\n\t\t\t\t<\/div>\n\t\t\t\t<div class=\"elementor-element elementor-element-7fa1f7e elementor-widget elementor-widget-text-editor\" data-id=\"7fa1f7e\" data-element_type=\"widget\" data-widget_type=\"text-editor.default\">\n\t\t\t\t<div class=\"elementor-widget-container\">\n\t\t\t<style>\/*! elementor - v3.23.0 - 15-07-2024 *\/\n.elementor-widget-text-editor.elementor-drop-cap-view-stacked .elementor-drop-cap{background-color:#69727d;color:#fff}.elementor-widget-text-editor.elementor-drop-cap-view-framed .elementor-drop-cap{color:#69727d;border:3px solid;background-color:transparent}.elementor-widget-text-editor:not(.elementor-drop-cap-view-default) .elementor-drop-cap{margin-top:8px}.elementor-widget-text-editor:not(.elementor-drop-cap-view-default) .elementor-drop-cap-letter{width:1em;height:1em}.elementor-widget-text-editor .elementor-drop-cap{float:left;text-align:center;line-height:1;font-size:50px}.elementor-widget-text-editor .elementor-drop-cap-letter{display:inline-block}<\/style>\t\t\t\t<h4>Uso de cookies en la web<\/h4>\n<p>En cumplimiento de la Ley 34\/2002, de 11 de julio, de Servicios de la Sociedad de la Informaci\u00f3n y Comercio Electr\u00f3nico le informamos de la utilizaci\u00f3n de cookies en las webs y aplicaciones de \u201cASD Audit\u201d, con el fin de facilitar y mejorar la navegaci\u00f3n a los usuarios, recordando por donde naveg\u00f3 en el sitio web, las preferencias y configuraciones de visualizaci\u00f3n, y ofreciendo a cada usuario informaci\u00f3n que puede ser de su inter\u00e9s.<\/p>\n<\/p>\n<h4>\u00bfQu\u00e9 son las cookies?<\/h4>\n<p>Una cookie es un fichero que se descarga en su ordenador o el dispositivo que utilice (Smartphone, tableta, televisi\u00f3n conectada\u2026.) al acceder a determinadas p\u00e1ginas web o aplicaciones. Las cookies permiten, entre otras cosas, recopilar informaci\u00f3n estad\u00edstica, facilitar ciertas funcionalidades t\u00e9cnicas, almacenar y recuperar informaci\u00f3n sobre los h\u00e1bitos de navegaci\u00f3n o preferencias de un usuario o de su equipo y, dependiendo de la informaci\u00f3n que contengan y de la forma en que utilice su equipo, pueden utilizarse para reconocer al usuario. Una cookie se almacena en un ordenador con el fin de identificar al navegador mientras interacciona con nuestras webs o aplicaciones. Un sitio web puede establecer una cookie en el navegador si las preferencias de \u00e9ste lo permiten. Un navegador s\u00f3lo permite que un sitio web acceda a las cookies que \u00e9ste establece, no a las que establecen otros sitios Web.<\/p>\n<\/p>\n<h4>\u00bfPor qu\u00e9 las cookies son importantes?<\/h4>\n<p>\u201cASD Audit\u201c utiliza estas cookies por motivos operativos (por ejemplo, cookies de sesi\u00f3n), y por facilidad de uso, para hacer m\u00e1s f\u00e1cil y amigable la navegaci\u00f3n en la web, por ejemplo, recordar aspectos del usuario como su idioma, pa\u00eds, navegador, etc\u2026 Determinadas cookies son fundamentales para que pueda utilizar nuestros servicios.<\/p>\n<\/p>\n<h4>Tipos de cookies<\/h4>\n<p><strong>Cookies T\u00e9cnicas:<\/strong> para ayudar a mejorar la calidad de nuestro servicio, incluyendo almacenar preferencias del usuario, los resultados de b\u00fasqueda, as\u00ed como rastrear tendencias de usuario.<\/p>\n<p><strong>Cookies estad\u00edsticas:<\/strong> recogen informaci\u00f3n sobre fecha de visita, la URL y el t\u00edtulo de la p\u00e1gina web visitada. Los informes generados con esta informaci\u00f3n ser\u00e1n meramente estad\u00edsticos dando informaci\u00f3n sobre el comportamiento de navegaci\u00f3n de forma an\u00f3nima.<\/p>\n<p><strong>Cookies de sesi\u00f3n:<\/strong> guardan informaci\u00f3n del tipo de usuario, guardando el nick de usuario para evitar introducirlo p\u00e1gina a p\u00e1gina, tambi\u00e9n se guarda informaci\u00f3n encriptada e informaci\u00f3n sobre los favoritos del usuario.<\/p>\n<p><strong>Cookies Anal\u00edticas:<\/strong> son utilizadas para realizar el seguimiento sobre el motor de b\u00fasqueda desde el que se ha visitado la web y qu\u00e9 t\u00e9rminos de b\u00fasqueda se utilizaron para encontrarlo, calculan el tiempo pasado en la web en cada sesi\u00f3n y el n\u00famero de veces que el usuario ha visitado la p\u00e1gina.<\/p>\n<p>En esta web se utilizan las siguientes cookies:<\/p>\n<p style=\"padding-left: 40px;\"><strong>\u2013Cookies Propias<\/strong><\/p>\n<p style=\"padding-left: 40px;\">Cookie Nombre Prop\u00f3sito<\/p>\n<p style=\"padding-left: 40px;\">De Sesi\u00f3n criteo_write_test; cto_iwid test; cto_tld_test Estas cookies son esenciales para el funcionamiento de la web.<\/p>\n<p style=\"padding-left: 40px;\">T\u00e9cnica cookie_notice_accepted Cookie usada para recordar la aceptaci\u00f3n de la pol\u00edtica de privacidad por parte del usuario.<\/p>\n<p style=\"padding-left: 40px;\">T\u00e9cnica woocommerce_cart_hash; woocommerce_items_in_cart Estas cookies son esenciales para el funcionamiento de la web.<\/p>\n<p style=\"padding-left: 40px;\"><strong>\u2013Cookies de Terceros<\/strong><\/p>\n<p style=\"padding-left: 40px;\">Cookie Nombre Prop\u00f3sito<\/p>\n<p style=\"padding-left: 40px;\">T\u00e9cnica ssupp.autoopen; ssupp.chatid; ssupp.geoloc; ssupp.opened, ssupp.vid, ssupp.visits Estas cookies son esenciales para el funcionamiento de la web.<\/p>\n<p style=\"padding-left: 40px;\">Anal\u00edticas ga, __gat; __gid Google Analytics. Informes estad\u00edsticos sobre como los usuarios encuentran la p\u00e1gina web y c\u00f3mo la utilizan: p\u00e1ginas visitadas, tiempo de estancia, tipo de navegador\u2026 M\u00e1s informaci\u00f3n<\/p>\n<p style=\"padding-left: 40px;\"><span style=\"font-weight: bolder; color: var( --e-global-color-text ); font-size: 1rem;\">\u2013<\/span><strong>Otras cookies<\/strong><\/p>\n<p style=\"padding-left: 40px;\">En el sitio de \u201cASD Audit\u201d, se instalan cookies de terceros a todos sus visitantes, aunque no sean usuarios registrados en las correspondientes plataformas. Por ejemplo, cookies de Ad, de Bidswitch, de Criteo, de Casalemedia, de Dobubleclick, de Rubicon, de Taboola, de Yahoo, de Yieldlab o de Google:P\u00e1gina de Cookies de Google.<\/p>\n<p style=\"padding-left: 40px;\"><span style=\"font-weight: bolder; color: var( --e-global-color-text ); font-size: 1rem;\">\u2013<\/span><strong>Tipos de cookies por vencimiento<\/strong><\/p>\n<p style=\"padding-left: 40px;\">Las Cookies utilizadas en \u201cASD Audit\u201d son persistentes, es decir, quedan permanentemente instaladas en su navegador y son activadas cada vez que visite el site, siempre y cuando no se desactive su uso.<\/p>\n<\/p>\n<h4>Configuraci\u00f3n de cookies<\/h4>\n<p>Para conocer la forma en la que configurar la gesti\u00f3n de cookies en su navegador puede consultar los siguientes links de los principales navegadores y dispositivos:<\/p>\n<p>-Para Internet Explorer\u2122 -Para Safari\u2122 -Para Chrome\u2122 -Para Firefox\u2122 -Para Opera\u2122 -Para Edge\u2122<\/p>\n<\/p>\n<h4>Aceptaci\u00f3n de cookies<\/h4>\n<p>Al acceder a este sitio web o aplicaci\u00f3n por primera vez, ver\u00e1 una ventana d\u00f3nde se le informa de la utilizaci\u00f3n de las cookies y donde puede consultar esta \u201cPol\u00edtica de cookies\u201d. Si usted consiente la utilizaci\u00f3n de cookies, contin\u00faa navegando o hace clic en alg\u00fan link se entender\u00e1 que usted ha consentido nuestra pol\u00edtica de cookies y por tanto la instalaci\u00f3n de las mismas en su equipo o dispositivo.<\/p>\n<p>Si usted quiere, puede cambiar la configuraci\u00f3n de cookies en cualquier momento, configurando su navegador para aceptar, o no, las cookies que recibe o para que el navegador le avise cuando un servidor quiera guardar una cookie. Le informamos que en el caso de bloquear o no aceptar la instalaci\u00f3n de cookies, es posible que ciertos servicios no est\u00e9n disponibles sin la utilizaci\u00f3n de \u00e9stas o que no pueda acceder a determinados servicios ni tampoco aprovechar por completo todo lo que nuestras webs y aplicaciones le ofrecen.<\/p>\n<p>\u201cASD Audit\u201d le agradece que consienta la aceptaci\u00f3n de cookies, esto nos ayuda a obtener datos m\u00e1s precisos que nos permiten mejorar el contenido y el dise\u00f1o de nuestras p\u00e1ginas webs y aplicaciones para adaptarlas a sus preferencias.<\/p>\n\t\t\t\t\t\t<\/div>\n\t\t\t\t<\/div>\n\t\t\t\t\t<\/div>\n\t\t<\/div>\n\t\t\t\t\t<\/div>\n\t\t<\/section>\n\t\t\t\t<\/div>\n\t\t","protected":false},"excerpt":{"rendered":"<p>ASD audit Pol\u00edtica de Cookies Uso de cookies en la web En cumplimiento de la Ley 34\/2002, de 11 de julio, de Servicios de la Sociedad de la Informaci\u00f3n y Comercio Electr\u00f3nico le informamos de la utilizaci\u00f3n de cookies en las webs y aplicaciones de \u201cASD Audit\u201d, con el fin de facilitar y mejorar la [&hellip;]<\/p>\n","protected":false},"author":6,"featured_media":0,"parent":0,"menu_order":0,"comment_status":"closed","ping_status":"closed","template":"","meta":{"footnotes":""},"categories":[],"tags":[],"yoast_head":"<!-- This site is optimized with the Yoast SEO plugin v23.0 - https:\/\/yoast.com\/wordpress\/plugins\/seo\/ -->\n<title>Pol\u00edtica de cookies | ASD Audit<\/title>\n<meta name=\"description\" content=\"Pol\u00edtica de cookies de ASD Audit\" \/>\n<meta name=\"robots\" content=\"index, nofollow, max-snippet:-1, max-image-preview:large, max-video-preview:-1\" \/>\n<link rel=\"canonical\" href=\"https:\/\/www.asdaudit.com\/pt-br\/politica-de-cookies-2\/\" \/>\n<meta property=\"og:locale\" content=\"pt_BR\" \/>\n<meta property=\"og:type\" content=\"article\" \/>\n<meta property=\"og:title\" content=\"Pol\u00edtica de cookies | ASD Audit\" \/>\n<meta property=\"og:description\" content=\"Pol\u00edtica de cookies de ASD Audit\" \/>\n<meta property=\"og:url\" content=\"https:\/\/www.asdaudit.com\/pt-br\/politica-de-cookies-2\/\" \/>\n<meta property=\"og:site_name\" content=\"ASD | Smart Audit Solutions\" \/>\n<meta property=\"article:modified_time\" content=\"2022-12-28T05:56:15+00:00\" \/>\n<meta name=\"twitter:card\" content=\"summary_large_image\" \/>\n<script type=\"application\/ld+json\" class=\"yoast-schema-graph\">{\"@context\":\"https:\/\/schema.org\",\"@graph\":[{\"@type\":\"WebPage\",\"@id\":\"https:\/\/www.asdaudit.com\/pt-br\/politica-de-cookies-2\/\",\"url\":\"https:\/\/www.asdaudit.com\/pt-br\/politica-de-cookies-2\/\",\"name\":\"Pol\u00edtica de cookies | ASD Audit\",\"isPartOf\":{\"@id\":\"https:\/\/www.asdaudit.com\/#website\"},\"datePublished\":\"2022-07-04T05:39:57+00:00\",\"dateModified\":\"2022-12-28T05:56:15+00:00\",\"description\":\"Pol\u00edtica de cookies de ASD Audit\",\"breadcrumb\":{\"@id\":\"https:\/\/www.asdaudit.com\/pt-br\/politica-de-cookies-2\/#breadcrumb\"},\"inLanguage\":\"pt-BR\",\"potentialAction\":[{\"@type\":\"ReadAction\",\"target\":[\"https:\/\/www.asdaudit.com\/pt-br\/politica-de-cookies-2\/\"]}]},{\"@type\":\"BreadcrumbList\",\"@id\":\"https:\/\/www.asdaudit.com\/pt-br\/politica-de-cookies-2\/#breadcrumb\",\"itemListElement\":[{\"@type\":\"ListItem\",\"position\":1,\"name\":\"Portada\",\"item\":\"https:\/\/www.asdaudit.com\/pt-pt\/\"},{\"@type\":\"ListItem\",\"position\":2,\"name\":\"Pol\u00edtica de Cookies\"}]},{\"@type\":\"WebSite\",\"@id\":\"https:\/\/www.asdaudit.com\/#website\",\"url\":\"https:\/\/www.asdaudit.com\/\",\"name\":\"ASD | Smart Audit Solutions\",\"description\":\"Software de auditor\u00eda financiera\",\"publisher\":{\"@id\":\"https:\/\/www.asdaudit.com\/#organization\"},\"potentialAction\":[{\"@type\":\"SearchAction\",\"target\":{\"@type\":\"EntryPoint\",\"urlTemplate\":\"https:\/\/www.asdaudit.com\/?s={search_term_string}\"},\"query-input\":\"required name=search_term_string\"}],\"inLanguage\":\"pt-BR\"},{\"@type\":\"Organization\",\"@id\":\"https:\/\/www.asdaudit.com\/#organization\",\"name\":\"ASD | Smart Audit Solutions\",\"url\":\"https:\/\/www.asdaudit.com\/\",\"logo\":{\"@type\":\"ImageObject\",\"inLanguage\":\"pt-BR\",\"@id\":\"https:\/\/www.asdaudit.com\/#\/schema\/logo\/image\/\",\"url\":\"https:\/\/www.asdaudit.com\/wp-content\/uploads\/2022\/07\/Logos-ASD.svg\",\"contentUrl\":\"https:\/\/www.asdaudit.com\/wp-content\/uploads\/2022\/07\/Logos-ASD.svg\",\"width\":211.85,\"height\":110.42,\"caption\":\"ASD | Smart Audit Solutions\"},\"image\":{\"@id\":\"https:\/\/www.asdaudit.com\/#\/schema\/logo\/image\/\"},\"sameAs\":[\"https:\/\/www.linkedin.com\/company\/auditing-software-distributor-sl\/\"]}]}<\/script>\n<!-- \/ Yoast SEO plugin. -->","yoast_head_json":{"title":"Pol\u00edtica de cookies | ASD Audit","description":"Pol\u00edtica de cookies de ASD Audit","robots":{"index":"index","follow":"nofollow","max-snippet":"max-snippet:-1","max-image-preview":"max-image-preview:large","max-video-preview":"max-video-preview:-1"},"canonical":"https:\/\/www.asdaudit.com\/pt-br\/politica-de-cookies-2\/","og_locale":"pt_BR","og_type":"article","og_title":"Pol\u00edtica de cookies | ASD Audit","og_description":"Pol\u00edtica de cookies de ASD Audit","og_url":"https:\/\/www.asdaudit.com\/pt-br\/politica-de-cookies-2\/","og_site_name":"ASD | Smart Audit Solutions","article_modified_time":"2022-12-28T05:56:15+00:00","twitter_card":"summary_large_image","schema":{"@context":"https:\/\/schema.org","@graph":[{"@type":"WebPage","@id":"https:\/\/www.asdaudit.com\/pt-br\/politica-de-cookies-2\/","url":"https:\/\/www.asdaudit.com\/pt-br\/politica-de-cookies-2\/","name":"Pol\u00edtica de cookies | ASD Audit","isPartOf":{"@id":"https:\/\/www.asdaudit.com\/#website"},"datePublished":"2022-07-04T05:39:57+00:00","dateModified":"2022-12-28T05:56:15+00:00","description":"Pol\u00edtica de cookies de ASD Audit","breadcrumb":{"@id":"https:\/\/www.asdaudit.com\/pt-br\/politica-de-cookies-2\/#breadcrumb"},"inLanguage":"pt-BR","potentialAction":[{"@type":"ReadAction","target":["https:\/\/www.asdaudit.com\/pt-br\/politica-de-cookies-2\/"]}]},{"@type":"BreadcrumbList","@id":"https:\/\/www.asdaudit.com\/pt-br\/politica-de-cookies-2\/#breadcrumb","itemListElement":[{"@type":"ListItem","position":1,"name":"Portada","item":"https:\/\/www.asdaudit.com\/pt-pt\/"},{"@type":"ListItem","position":2,"name":"Pol\u00edtica de Cookies"}]},{"@type":"WebSite","@id":"https:\/\/www.asdaudit.com\/#website","url":"https:\/\/www.asdaudit.com\/","name":"ASD | Smart Audit Solutions","description":"Software de auditor\u00eda financiera","publisher":{"@id":"https:\/\/www.asdaudit.com\/#organization"},"potentialAction":[{"@type":"SearchAction","target":{"@type":"EntryPoint","urlTemplate":"https:\/\/www.asdaudit.com\/?s={search_term_string}"},"query-input":"required name=search_term_string"}],"inLanguage":"pt-BR"},{"@type":"Organization","@id":"https:\/\/www.asdaudit.com\/#organization","name":"ASD | Smart Audit Solutions","url":"https:\/\/www.asdaudit.com\/","logo":{"@type":"ImageObject","inLanguage":"pt-BR","@id":"https:\/\/www.asdaudit.com\/#\/schema\/logo\/image\/","url":"https:\/\/www.asdaudit.com\/wp-content\/uploads\/2022\/07\/Logos-ASD.svg","contentUrl":"https:\/\/www.asdaudit.com\/wp-content\/uploads\/2022\/07\/Logos-ASD.svg","width":211.85,"height":110.42,"caption":"ASD | Smart Audit Solutions"},"image":{"@id":"https:\/\/www.asdaudit.com\/#\/schema\/logo\/image\/"},"sameAs":["https:\/\/www.linkedin.com\/company\/auditing-software-distributor-sl\/"]}]}},"_links":{"self":[{"href":"https:\/\/www.asdaudit.com\/pt-br\/wp-json\/wp\/v2\/pages\/84586"}],"collection":[{"href":"https:\/\/www.asdaudit.com\/pt-br\/wp-json\/wp\/v2\/pages"}],"about":[{"href":"https:\/\/www.asdaudit.com\/pt-br\/wp-json\/wp\/v2\/types\/page"}],"author":[{"embeddable":true,"href":"https:\/\/www.asdaudit.com\/pt-br\/wp-json\/wp\/v2\/users\/6"}],"replies":[{"embeddable":true,"href":"https:\/\/www.asdaudit.com\/pt-br\/wp-json\/wp\/v2\/comments?post=84586"}],"version-history":[{"count":1,"href":"https:\/\/www.asdaudit.com\/pt-br\/wp-json\/wp\/v2\/pages\/84586\/revisions"}],"predecessor-version":[{"id":84587,"href":"https:\/\/www.asdaudit.com\/pt-br\/wp-json\/wp\/v2\/pages\/84586\/revisions\/84587"}],"wp:attachment":[{"href":"https:\/\/www.asdaudit.com\/pt-br\/wp-json\/wp\/v2\/media?parent=84586"}],"wp:term":[{"taxonomy":"category","embeddable":true,"href":"https:\/\/www.asdaudit.com\/pt-br\/wp-json\/wp\/v2\/categories?post=84586"},{"taxonomy":"post_tag","embeddable":true,"href":"https:\/\/www.asdaudit.com\/pt-br\/wp-json\/wp\/v2\/tags?post=84586"}],"curies":[{"name":"wp","href":"https:\/\/api.w.org\/{rel}","templated":true}]}}