{"id":84545,"date":"2022-07-04T05:28:45","date_gmt":"2022-07-04T03:28:45","guid":{"rendered":"https:\/\/www.asdaudit.com\/treinamento\/"},"modified":"2022-12-27T12:15:45","modified_gmt":"2022-12-27T11:15:45","slug":"treinamento","status":"publish","type":"page","link":"https:\/\/www.asdaudit.com\/pt-br\/treinamento\/","title":{"rendered":"Treinamento"},"content":{"rendered":"\t\t<div data-elementor-type=\"wp-page\" data-elementor-id=\"84545\" class=\"elementor elementor-84545 elementor-62\">\n\t\t\t\t\t\t<section class=\"elementor-section elementor-top-section elementor-element elementor-element-02bec48 elementor-section-height-min-height elementor-section-items-top elementor-section-boxed elementor-section-height-default\" data-id=\"02bec48\" data-element_type=\"section\" data-settings=\"{&quot;background_background&quot;:&quot;classic&quot;}\">\n\t\t\t\t\t\t<div class=\"elementor-container elementor-column-gap-default\">\n\t\t\t\t\t<div class=\"elementor-column elementor-col-50 elementor-top-column elementor-element elementor-element-ab69a94\" data-id=\"ab69a94\" data-element_type=\"column\" data-settings=\"{&quot;background_background&quot;:&quot;classic&quot;}\">\n\t\t\t<div class=\"elementor-widget-wrap elementor-element-populated\">\n\t\t\t\t\t\t<div class=\"elementor-element elementor-element-3923ad2 elementor-widget elementor-widget-image\" data-id=\"3923ad2\" data-element_type=\"widget\" data-widget_type=\"image.default\">\n\t\t\t\t<div class=\"elementor-widget-container\">\n\t\t\t<style>\/*! elementor - v3.23.0 - 15-07-2024 *\/\n.elementor-widget-image{text-align:center}.elementor-widget-image a{display:inline-block}.elementor-widget-image a img[src$=\".svg\"]{width:48px}.elementor-widget-image img{vertical-align:middle;display:inline-block}<\/style>\t\t\t\t\t\t\t\t\t\t<img decoding=\"async\" width=\"200\" height=\"200\" src=\"https:\/\/www.asdaudit.com\/wp-content\/uploads\/2022\/07\/icon-asd-quality-management-8.svg\" class=\"attachment-large size-large wp-image-78156\" alt=\"\" \/>\t\t\t\t\t\t\t\t\t\t\t\t\t<\/div>\n\t\t\t\t<\/div>\n\t\t\t\t\t<\/div>\n\t\t<\/div>\n\t\t\t\t<div class=\"elementor-column elementor-col-50 elementor-top-column elementor-element elementor-element-84f2bc2\" data-id=\"84f2bc2\" data-element_type=\"column\">\n\t\t\t<div class=\"elementor-widget-wrap elementor-element-populated\">\n\t\t\t\t\t\t<div class=\"elementor-element elementor-element-f4cd95d elementor-widget elementor-widget-heading\" data-id=\"f4cd95d\" data-element_type=\"widget\" data-widget_type=\"heading.default\">\n\t\t\t\t<div class=\"elementor-widget-container\">\n\t\t\t<style>\/*! elementor - v3.23.0 - 15-07-2024 *\/\n.elementor-heading-title{padding:0;margin:0;line-height:1}.elementor-widget-heading .elementor-heading-title[class*=elementor-size-]>a{color:inherit;font-size:inherit;line-height:inherit}.elementor-widget-heading .elementor-heading-title.elementor-size-small{font-size:15px}.elementor-widget-heading .elementor-heading-title.elementor-size-medium{font-size:19px}.elementor-widget-heading .elementor-heading-title.elementor-size-large{font-size:29px}.elementor-widget-heading .elementor-heading-title.elementor-size-xl{font-size:39px}.elementor-widget-heading .elementor-heading-title.elementor-size-xxl{font-size:59px}<\/style><h5 class=\"elementor-heading-title elementor-size-default\">TREINE COM ASD AUDIT<\/h5>\t\t<\/div>\n\t\t\t\t<\/div>\n\t\t\t\t<div class=\"elementor-element elementor-element-997eebe elementor-widget elementor-widget-heading\" data-id=\"997eebe\" data-element_type=\"widget\" data-widget_type=\"heading.default\">\n\t\t\t\t<div class=\"elementor-widget-container\">\n\t\t\t<h1 class=\"elementor-heading-title elementor-size-default\">Cursos de <b>Forma\u00e7\u00e3o<\/b> de Auditores<\/h1>\t\t<\/div>\n\t\t\t\t<\/div>\n\t\t\t\t<div class=\"elementor-element elementor-element-cd35cb4 elementor-widget elementor-widget-heading\" data-id=\"cd35cb4\" data-element_type=\"widget\" data-widget_type=\"heading.default\">\n\t\t\t\t<div class=\"elementor-widget-container\">\n\t\t\t<span class=\"elementor-heading-title elementor-size-default\">Da ASD queremos oferecer-lhe uma s\u00e9rie de cursos para que se mantenha atualizado ou amplie os seus conhecimentos nas diferentes \u00e1reas da Auditoria.<\/span>\t\t<\/div>\n\t\t\t\t<\/div>\n\t\t\t\t<section class=\"elementor-section elementor-inner-section elementor-element elementor-element-064ec1b elementor-section-boxed elementor-section-height-default elementor-section-height-default\" data-id=\"064ec1b\" data-element_type=\"section\">\n\t\t\t\t\t\t<div class=\"elementor-container elementor-column-gap-default\">\n\t\t\t\t\t<div class=\"elementor-column elementor-col-50 elementor-inner-column elementor-element elementor-element-a7f1749\" data-id=\"a7f1749\" data-element_type=\"column\">\n\t\t\t<div class=\"elementor-widget-wrap elementor-element-populated\">\n\t\t\t\t\t\t<div class=\"elementor-element elementor-element-ee7539a elementor-widget elementor-widget-image\" data-id=\"ee7539a\" data-element_type=\"widget\" data-widget_type=\"image.default\">\n\t\t\t\t<div class=\"elementor-widget-container\">\n\t\t\t\t\t\t\t\t\t\t\t\t\t<img decoding=\"async\" width=\"404\" height=\"80\" src=\"https:\/\/www.asdaudit.com\/wp-content\/uploads\/2022\/08\/icac-certificacion-asd-audit.png\" class=\"attachment-large size-large wp-image-79345\" alt=\"\" srcset=\"https:\/\/www.asdaudit.com\/wp-content\/uploads\/2022\/08\/icac-certificacion-asd-audit.png 404w, https:\/\/www.asdaudit.com\/wp-content\/uploads\/2022\/08\/icac-certificacion-asd-audit-300x59.png 300w\" sizes=\"(max-width: 404px) 100vw, 404px\" \/>\t\t\t\t\t\t\t\t\t\t\t\t\t<\/div>\n\t\t\t\t<\/div>\n\t\t\t\t\t<\/div>\n\t\t<\/div>\n\t\t\t\t<div class=\"elementor-column elementor-col-50 elementor-inner-column elementor-element elementor-element-c57422c\" data-id=\"c57422c\" data-element_type=\"column\">\n\t\t\t<div class=\"elementor-widget-wrap elementor-element-populated\">\n\t\t\t\t\t\t<div class=\"elementor-element elementor-element-6d68e3e elementor-widget elementor-widget-heading\" data-id=\"6d68e3e\" data-element_type=\"widget\" data-widget_type=\"heading.default\">\n\t\t\t\t<div class=\"elementor-widget-container\">\n\t\t\t<span class=\"elementor-heading-title elementor-size-default\">Muitos de nossos cursos s\u00e3o <b>aprovados pelo ICAC<\/b> e voc\u00ea poder\u00e1 certificar o cumprimento da educa\u00e7\u00e3o continuada obrigat\u00f3ria.<\/span>\t\t<\/div>\n\t\t\t\t<\/div>\n\t\t\t\t\t<\/div>\n\t\t<\/div>\n\t\t\t\t\t<\/div>\n\t\t<\/section>\n\t\t\t\t\t<\/div>\n\t\t<\/div>\n\t\t\t\t\t<\/div>\n\t\t<\/section>\n\t\t\t\t<section class=\"elementor-section elementor-top-section elementor-element elementor-element-ecdac53 elementor-section-content-middle elementor-section-boxed elementor-section-height-default elementor-section-height-default\" data-id=\"ecdac53\" data-element_type=\"section\" data-settings=\"{&quot;background_background&quot;:&quot;gradient&quot;,&quot;shape_divider_top&quot;:&quot;triangle-asymmetrical&quot;}\">\n\t\t\t\t\t<div class=\"elementor-shape elementor-shape-top\" data-negative=\"false\">\n\t\t\t<svg xmlns=\"http:\/\/www.w3.org\/2000\/svg\" viewBox=\"0 0 1000 100\" preserveAspectRatio=\"none\">\n\t<path class=\"elementor-shape-fill\" d=\"M738,99l262-93V0H0v5.6L738,99z\"\/>\n<\/svg>\t\t<\/div>\n\t\t\t\t\t<div class=\"elementor-container elementor-column-gap-default\">\n\t\t\t\t\t<div class=\"elementor-column elementor-col-100 elementor-top-column elementor-element elementor-element-932f1de\" data-id=\"932f1de\" data-element_type=\"column\">\n\t\t\t<div class=\"elementor-widget-wrap elementor-element-populated\">\n\t\t\t\t\t\t<div class=\"elementor-element elementor-element-0227ed3 elementor-widget elementor-widget-image\" data-id=\"0227ed3\" data-element_type=\"widget\" data-widget_type=\"image.default\">\n\t\t\t\t<div class=\"elementor-widget-container\">\n\t\t\t\t\t\t\t\t\t\t\t\t\t<img decoding=\"async\" width=\"1\" height=\"1\" src=\"https:\/\/www.asdaudit.com\/wp-content\/uploads\/2022\/07\/logo-ASD-Audit-software-auditoria-financiera-concursal.svg\" class=\"attachment-large size-large wp-image-188\" alt=\"\" \/>\t\t\t\t\t\t\t\t\t\t\t\t\t<\/div>\n\t\t\t\t<\/div>\n\t\t\t\t<div class=\"elementor-element elementor-element-2fb4bca elementor-widget elementor-widget-heading\" data-id=\"2fb4bca\" data-element_type=\"widget\" data-widget_type=\"heading.default\">\n\t\t\t\t<div class=\"elementor-widget-container\">\n\t\t\t<h2 class=\"elementor-heading-title elementor-size-default\">OFERTA DE <b>CURSOS ONLINE 2022<\/b><\/h2>\t\t<\/div>\n\t\t\t\t<\/div>\n\t\t\t\t<div class=\"elementor-element elementor-element-689c5ab elementor-widget elementor-widget-heading\" data-id=\"689c5ab\" data-element_type=\"widget\" data-widget_type=\"heading.default\">\n\t\t\t\t<div class=\"elementor-widget-container\">\n\t\t\t<h4 class=\"elementor-heading-title elementor-size-default\">SETEMBRO<\/h4>\t\t<\/div>\n\t\t\t\t<\/div>\n\t\t\t\t<div class=\"elementor-element elementor-element-f007e61 elementor-widget elementor-widget-heading\" data-id=\"f007e61\" data-element_type=\"widget\" data-widget_type=\"heading.default\">\n\t\t\t\t<div class=\"elementor-widget-container\">\n\t\t\t<h4 class=\"elementor-heading-title elementor-size-default\">OUTUBRO<\/h4>\t\t<\/div>\n\t\t\t\t<\/div>\n\t\t\t\t<div class=\"elementor-element elementor-element-68e6459 elementor-widget elementor-widget-heading\" data-id=\"68e6459\" data-element_type=\"widget\" data-widget_type=\"heading.default\">\n\t\t\t\t<div class=\"elementor-widget-container\">\n\t\t\t<h4 class=\"elementor-heading-title elementor-size-default\">NOVEMBRO<\/h4>\t\t<\/div>\n\t\t\t\t<\/div>\n\t\t\t\t\t<\/div>\n\t\t<\/div>\n\t\t\t\t\t<\/div>\n\t\t<\/section>\n\t\t\t\t<\/div>\n\t\t","protected":false},"excerpt":{"rendered":"<p>TREINE COM ASD AUDIT Cursos de Forma\u00e7\u00e3o de Auditores Da ASD queremos oferecer-lhe uma s\u00e9rie de cursos para que se mantenha atualizado ou amplie os seus conhecimentos nas diferentes \u00e1reas da Auditoria. Muitos de nossos cursos s\u00e3o aprovados pelo ICAC e voc\u00ea poder\u00e1 certificar o cumprimento da educa\u00e7\u00e3o continuada obrigat\u00f3ria. OFERTA DE CURSOS ONLINE 2022 [&hellip;]<\/p>\n","protected":false},"author":6,"featured_media":0,"parent":84547,"menu_order":0,"comment_status":"closed","ping_status":"closed","template":"","meta":{"footnotes":""},"categories":[],"tags":[],"yoast_head":"<!-- This site is optimized with the Yoast SEO plugin v23.0 - https:\/\/yoast.com\/wordpress\/plugins\/seo\/ -->\n<title>Cursos de forma\u00e7\u00e3o em auditoria de contas | Auditoria ASD<\/title>\n<meta name=\"description\" content=\"Treine-se com os cursos de auditoria de contas aprovados pelo ICAC, como o curso de gest\u00e3o de qualidade em auditorias, carregamento de dados...\" \/>\n<meta name=\"robots\" content=\"index, follow, max-snippet:-1, max-image-preview:large, max-video-preview:-1\" \/>\n<link rel=\"canonical\" href=\"https:\/\/www.asdaudit.com\/recursos\/cursos-de-formacion-en-auditoria-de-cuentas\/\" \/>\n<meta property=\"og:locale\" content=\"pt_BR\" \/>\n<meta property=\"og:type\" content=\"article\" \/>\n<meta property=\"og:title\" content=\"Cursos de forma\u00e7\u00e3o em auditoria de contas | Auditoria ASD\" \/>\n<meta property=\"og:description\" content=\"Treine-se com os cursos de auditoria de contas aprovados pelo ICAC, como o curso de gest\u00e3o de qualidade em auditorias, carregamento de dados...\" \/>\n<meta property=\"og:url\" content=\"https:\/\/www.asdaudit.com\/recursos\/cursos-de-formacion-en-auditoria-de-cuentas\/\" \/>\n<meta property=\"og:site_name\" content=\"ASD | Smart Audit Solutions\" \/>\n<meta property=\"article:modified_time\" content=\"2022-12-27T11:15:45+00:00\" \/>\n<meta property=\"og:image\" content=\"https:\/\/www.asdaudit.com\/wp-content\/uploads\/2022\/07\/icon-asd-quality-management-8.svg\" \/>\n<meta name=\"twitter:card\" content=\"summary_large_image\" \/>\n<script type=\"application\/ld+json\" class=\"yoast-schema-graph\">{\"@context\":\"https:\/\/schema.org\",\"@graph\":[{\"@type\":\"WebPage\",\"@id\":\"https:\/\/www.asdaudit.com\/recursos\/cursos-de-formacion-en-auditoria-de-cuentas\/\",\"url\":\"https:\/\/www.asdaudit.com\/recursos\/cursos-de-formacion-en-auditoria-de-cuentas\/\",\"name\":\"Cursos de forma\u00e7\u00e3o em auditoria de contas | Auditoria ASD\",\"isPartOf\":{\"@id\":\"https:\/\/www.asdaudit.com\/#website\"},\"primaryImageOfPage\":{\"@id\":\"https:\/\/www.asdaudit.com\/recursos\/cursos-de-formacion-en-auditoria-de-cuentas\/#primaryimage\"},\"image\":{\"@id\":\"https:\/\/www.asdaudit.com\/recursos\/cursos-de-formacion-en-auditoria-de-cuentas\/#primaryimage\"},\"thumbnailUrl\":\"https:\/\/www.asdaudit.com\/wp-content\/uploads\/2022\/07\/icon-asd-quality-management-8.svg\",\"datePublished\":\"2022-07-04T03:28:45+00:00\",\"dateModified\":\"2022-12-27T11:15:45+00:00\",\"description\":\"Treine-se com os cursos de auditoria de contas aprovados pelo ICAC, como o curso de gest\u00e3o de qualidade em auditorias, carregamento de dados...\",\"breadcrumb\":{\"@id\":\"https:\/\/www.asdaudit.com\/recursos\/cursos-de-formacion-en-auditoria-de-cuentas\/#breadcrumb\"},\"inLanguage\":\"pt-BR\",\"potentialAction\":[{\"@type\":\"ReadAction\",\"target\":[\"https:\/\/www.asdaudit.com\/recursos\/cursos-de-formacion-en-auditoria-de-cuentas\/\"]}]},{\"@type\":\"ImageObject\",\"inLanguage\":\"pt-BR\",\"@id\":\"https:\/\/www.asdaudit.com\/recursos\/cursos-de-formacion-en-auditoria-de-cuentas\/#primaryimage\",\"url\":\"https:\/\/www.asdaudit.com\/wp-content\/uploads\/2022\/07\/icon-asd-quality-management-8.svg\",\"contentUrl\":\"https:\/\/www.asdaudit.com\/wp-content\/uploads\/2022\/07\/icon-asd-quality-management-8.svg\"},{\"@type\":\"BreadcrumbList\",\"@id\":\"https:\/\/www.asdaudit.com\/recursos\/cursos-de-formacion-en-auditoria-de-cuentas\/#breadcrumb\",\"itemListElement\":[{\"@type\":\"ListItem\",\"position\":1,\"name\":\"Portada\",\"item\":\"https:\/\/www.asdaudit.com\/pt-pt\/\"},{\"@type\":\"ListItem\",\"position\":2,\"name\":\"Recursos\",\"item\":\"https:\/\/www.asdaudit.com\/?page_id=84547\"},{\"@type\":\"ListItem\",\"position\":3,\"name\":\"Treinamento\"}]},{\"@type\":\"WebSite\",\"@id\":\"https:\/\/www.asdaudit.com\/#website\",\"url\":\"https:\/\/www.asdaudit.com\/\",\"name\":\"ASD | Smart Audit Solutions\",\"description\":\"Software de auditor\u00eda financiera\",\"publisher\":{\"@id\":\"https:\/\/www.asdaudit.com\/#organization\"},\"potentialAction\":[{\"@type\":\"SearchAction\",\"target\":{\"@type\":\"EntryPoint\",\"urlTemplate\":\"https:\/\/www.asdaudit.com\/?s={search_term_string}\"},\"query-input\":\"required name=search_term_string\"}],\"inLanguage\":\"pt-BR\"},{\"@type\":\"Organization\",\"@id\":\"https:\/\/www.asdaudit.com\/#organization\",\"name\":\"ASD | Smart Audit Solutions\",\"url\":\"https:\/\/www.asdaudit.com\/\",\"logo\":{\"@type\":\"ImageObject\",\"inLanguage\":\"pt-BR\",\"@id\":\"https:\/\/www.asdaudit.com\/#\/schema\/logo\/image\/\",\"url\":\"https:\/\/www.asdaudit.com\/wp-content\/uploads\/2022\/07\/Logos-ASD.svg\",\"contentUrl\":\"https:\/\/www.asdaudit.com\/wp-content\/uploads\/2022\/07\/Logos-ASD.svg\",\"width\":211.85,\"height\":110.42,\"caption\":\"ASD | Smart Audit Solutions\"},\"image\":{\"@id\":\"https:\/\/www.asdaudit.com\/#\/schema\/logo\/image\/\"},\"sameAs\":[\"https:\/\/www.linkedin.com\/company\/auditing-software-distributor-sl\/\"]}]}<\/script>\n<!-- \/ Yoast SEO plugin. -->","yoast_head_json":{"title":"Cursos de forma\u00e7\u00e3o em auditoria de contas | Auditoria ASD","description":"Treine-se com os cursos de auditoria de contas aprovados pelo ICAC, como o curso de gest\u00e3o de qualidade em auditorias, carregamento de dados...","robots":{"index":"index","follow":"follow","max-snippet":"max-snippet:-1","max-image-preview":"max-image-preview:large","max-video-preview":"max-video-preview:-1"},"canonical":"https:\/\/www.asdaudit.com\/recursos\/cursos-de-formacion-en-auditoria-de-cuentas\/","og_locale":"pt_BR","og_type":"article","og_title":"Cursos de forma\u00e7\u00e3o em auditoria de contas | Auditoria ASD","og_description":"Treine-se com os cursos de auditoria de contas aprovados pelo ICAC, como o curso de gest\u00e3o de qualidade em auditorias, carregamento de dados...","og_url":"https:\/\/www.asdaudit.com\/recursos\/cursos-de-formacion-en-auditoria-de-cuentas\/","og_site_name":"ASD | Smart Audit Solutions","article_modified_time":"2022-12-27T11:15:45+00:00","og_image":[{"url":"https:\/\/www.asdaudit.com\/wp-content\/uploads\/2022\/07\/icon-asd-quality-management-8.svg"}],"twitter_card":"summary_large_image","schema":{"@context":"https:\/\/schema.org","@graph":[{"@type":"WebPage","@id":"https:\/\/www.asdaudit.com\/recursos\/cursos-de-formacion-en-auditoria-de-cuentas\/","url":"https:\/\/www.asdaudit.com\/recursos\/cursos-de-formacion-en-auditoria-de-cuentas\/","name":"Cursos de forma\u00e7\u00e3o em auditoria de contas | Auditoria ASD","isPartOf":{"@id":"https:\/\/www.asdaudit.com\/#website"},"primaryImageOfPage":{"@id":"https:\/\/www.asdaudit.com\/recursos\/cursos-de-formacion-en-auditoria-de-cuentas\/#primaryimage"},"image":{"@id":"https:\/\/www.asdaudit.com\/recursos\/cursos-de-formacion-en-auditoria-de-cuentas\/#primaryimage"},"thumbnailUrl":"https:\/\/www.asdaudit.com\/wp-content\/uploads\/2022\/07\/icon-asd-quality-management-8.svg","datePublished":"2022-07-04T03:28:45+00:00","dateModified":"2022-12-27T11:15:45+00:00","description":"Treine-se com os cursos de auditoria de contas aprovados pelo ICAC, como o curso de gest\u00e3o de qualidade em auditorias, carregamento de dados...","breadcrumb":{"@id":"https:\/\/www.asdaudit.com\/recursos\/cursos-de-formacion-en-auditoria-de-cuentas\/#breadcrumb"},"inLanguage":"pt-BR","potentialAction":[{"@type":"ReadAction","target":["https:\/\/www.asdaudit.com\/recursos\/cursos-de-formacion-en-auditoria-de-cuentas\/"]}]},{"@type":"ImageObject","inLanguage":"pt-BR","@id":"https:\/\/www.asdaudit.com\/recursos\/cursos-de-formacion-en-auditoria-de-cuentas\/#primaryimage","url":"https:\/\/www.asdaudit.com\/wp-content\/uploads\/2022\/07\/icon-asd-quality-management-8.svg","contentUrl":"https:\/\/www.asdaudit.com\/wp-content\/uploads\/2022\/07\/icon-asd-quality-management-8.svg"},{"@type":"BreadcrumbList","@id":"https:\/\/www.asdaudit.com\/recursos\/cursos-de-formacion-en-auditoria-de-cuentas\/#breadcrumb","itemListElement":[{"@type":"ListItem","position":1,"name":"Portada","item":"https:\/\/www.asdaudit.com\/pt-pt\/"},{"@type":"ListItem","position":2,"name":"Recursos","item":"https:\/\/www.asdaudit.com\/?page_id=84547"},{"@type":"ListItem","position":3,"name":"Treinamento"}]},{"@type":"WebSite","@id":"https:\/\/www.asdaudit.com\/#website","url":"https:\/\/www.asdaudit.com\/","name":"ASD | Smart Audit Solutions","description":"Software de auditor\u00eda financiera","publisher":{"@id":"https:\/\/www.asdaudit.com\/#organization"},"potentialAction":[{"@type":"SearchAction","target":{"@type":"EntryPoint","urlTemplate":"https:\/\/www.asdaudit.com\/?s={search_term_string}"},"query-input":"required name=search_term_string"}],"inLanguage":"pt-BR"},{"@type":"Organization","@id":"https:\/\/www.asdaudit.com\/#organization","name":"ASD | Smart Audit Solutions","url":"https:\/\/www.asdaudit.com\/","logo":{"@type":"ImageObject","inLanguage":"pt-BR","@id":"https:\/\/www.asdaudit.com\/#\/schema\/logo\/image\/","url":"https:\/\/www.asdaudit.com\/wp-content\/uploads\/2022\/07\/Logos-ASD.svg","contentUrl":"https:\/\/www.asdaudit.com\/wp-content\/uploads\/2022\/07\/Logos-ASD.svg","width":211.85,"height":110.42,"caption":"ASD | Smart Audit Solutions"},"image":{"@id":"https:\/\/www.asdaudit.com\/#\/schema\/logo\/image\/"},"sameAs":["https:\/\/www.linkedin.com\/company\/auditing-software-distributor-sl\/"]}]}},"_links":{"self":[{"href":"https:\/\/www.asdaudit.com\/pt-br\/wp-json\/wp\/v2\/pages\/84545"}],"collection":[{"href":"https:\/\/www.asdaudit.com\/pt-br\/wp-json\/wp\/v2\/pages"}],"about":[{"href":"https:\/\/www.asdaudit.com\/pt-br\/wp-json\/wp\/v2\/types\/page"}],"author":[{"embeddable":true,"href":"https:\/\/www.asdaudit.com\/pt-br\/wp-json\/wp\/v2\/users\/6"}],"replies":[{"embeddable":true,"href":"https:\/\/www.asdaudit.com\/pt-br\/wp-json\/wp\/v2\/comments?post=84545"}],"version-history":[{"count":1,"href":"https:\/\/www.asdaudit.com\/pt-br\/wp-json\/wp\/v2\/pages\/84545\/revisions"}],"predecessor-version":[{"id":84546,"href":"https:\/\/www.asdaudit.com\/pt-br\/wp-json\/wp\/v2\/pages\/84545\/revisions\/84546"}],"up":[{"embeddable":true,"href":"https:\/\/www.asdaudit.com\/pt-br\/wp-json\/wp\/v2\/pages\/84547"}],"wp:attachment":[{"href":"https:\/\/www.asdaudit.com\/pt-br\/wp-json\/wp\/v2\/media?parent=84545"}],"wp:term":[{"taxonomy":"category","embeddable":true,"href":"https:\/\/www.asdaudit.com\/pt-br\/wp-json\/wp\/v2\/categories?post=84545"},{"taxonomy":"post_tag","embeddable":true,"href":"https:\/\/www.asdaudit.com\/pt-br\/wp-json\/wp\/v2\/tags?post=84545"}],"curies":[{"name":"wp","href":"https:\/\/api.w.org\/{rel}","templated":true}]}}